{"id":1332,"date":"2023-08-25T17:00:57","date_gmt":"2023-08-25T15:00:57","guid":{"rendered":"https:\/\/thurntaler-rast.at\/impronta\/"},"modified":"2025-06-27T07:38:32","modified_gmt":"2025-06-27T05:38:32","slug":"impronta","status":"publish","type":"page","link":"https:\/\/thurntaler-rast.at\/it\/impronta\/","title":{"rendered":"Impronta"},"content":{"rendered":"\t\t<div data-elementor-type=\"wp-page\" data-elementor-id=\"1332\" class=\"elementor elementor-1332 elementor-859\" data-elementor-post-type=\"page\">\n\t\t\t\t<div class=\"elementor-element elementor-element-abcd742 e-flex e-con-boxed e-con e-parent\" data-id=\"abcd742\" data-element_type=\"container\" data-e-type=\"container\">\n\t\t\t\t\t<div class=\"e-con-inner\">\n\t\t\t\t<div class=\"elementor-element elementor-element-b6effb7 elementor-widget elementor-widget-text-editor\" data-id=\"b6effb7\" data-element_type=\"widget\" data-e-type=\"widget\" data-widget_type=\"text-editor.default\">\n\t\t\t\t<div class=\"elementor-widget-container\">\n\t\t\t\t\t\t\t\t\t<h1>Impronta<\/h1><section class=\"elementor-section elementor-top-section elementor-element elementor-element-0e6317e elementor-section-boxed elementor-section-height-default elementor-section-height-default\" data-id=\"0e6317e\" data-element_type=\"section\"><div class=\"elementor-container elementor-column-gap-default\"><div class=\"elementor-column elementor-col-50 elementor-top-column elementor-element elementor-element-10f0a92\" data-id=\"10f0a92\" data-element_type=\"column\"><div class=\"elementor-widget-wrap elementor-element-populated\"><div class=\"elementor-element elementor-element-be63379 elementor-widget elementor-widget-text-editor\" data-id=\"be63379\" data-element_type=\"widget\" data-widget_type=\"text-editor.default\"><div class=\"elementor-widget-container\"><p><strong>Responsabile del contenuto<\/strong><\/p><div><p><strong>Nome dell&#8217;azienda:<br><\/strong>Hermann Ortner e.U.<\/p><p><strong><br>Indirizzo:<\/strong><\/p><p>9931 Au\u00dfervillgraten 250<\/p><p><strong><br>Dettagli di contatto:<\/strong><\/p><p>Hermann Ortner e.U.<br>9931 Au\u00dfervillgraten 250<br>info@thurntaler-rast.at<\/p><p><strong>Persona di contatto \/ Rappresentato da:<\/strong><\/p><p>Alexander Ortner<br>9931 Au\u00dfervillgraten 250<br>info@thurntaler-rast.at<\/p><p><strong>Numero di registro della societ\u00e0: <\/strong>FN 354469 d<\/p><p><strong>Membro di<\/strong>:WKO Tirol<\/p><p><strong>Codice fiscale: <\/strong>ATU60122879<\/p><p><strong>Autorit\u00e0 di vigilanza \/ autorit\u00e0 commerciale: <\/strong>BH Lienz<\/p><p><strong>Oggetto sociale: <\/strong>Catering  <\/p><\/div><\/div><\/div><\/div><\/div><div class=\"elementor-column elementor-col-50 elementor-top-column elementor-element elementor-element-cb50ef3\" data-id=\"cb50ef3\" data-element_type=\"column\"><div class=\"elementor-widget-wrap elementor-element-populated\"><div class=\"elementor-element elementor-element-eb06033 elementor-widget elementor-widget-text-editor\" data-id=\"eb06033\" data-element_type=\"widget\" data-widget_type=\"text-editor.default\"><div class=\"elementor-widget-container\"><p class=\"sppb-addon-title\"><strong>Concetto, layout, programmazione<\/strong><\/p><div class=\"sppb-addon-content\"><p>Alphamedia Tirol GmbH<br>Aue 185 b | A-9920 Sillian<br><a href=\"http:\/\/www.alphamedia.tirol\">www.alphamedia.tirol<\/a><\/p><\/div><\/div><\/div><\/div><\/div><\/div><\/section><section class=\"elementor-section elementor-top-section elementor-element elementor-element-d6274f9 elementor-section-boxed elementor-section-height-default elementor-section-height-default\" data-id=\"d6274f9\" data-element_type=\"section\"><div class=\"elementor-container elementor-column-gap-default\"><div class=\"elementor-column elementor-col-100 elementor-top-column elementor-element elementor-element-476bb581\" data-id=\"476bb581\" data-element_type=\"column\"><div class=\"elementor-widget-wrap elementor-element-populated\"><div class=\"elementor-element elementor-element-04a6737 elementor-widget elementor-widget-text-editor\" data-id=\"04a6737\" data-element_type=\"widget\" data-widget_type=\"text-editor.default\"><div class=\"elementor-widget-container\"><div><div><div> <\/div><\/div><\/div><div><h1>Dichiarazione di non responsabilit\u00e0<\/h1><p><strong>Responsabilit\u00e0 per i contenuti<\/strong><\/p><p>I contenuti delle nostre pagine sono stati creati con la massima cura. Tuttavia, non ci assumiamo alcuna responsabilit\u00e0 per la correttezza, la completezza e l&#8217;attualit\u00e0 dei contenuti. In qualit\u00e0 di fornitore di servizi, siamo, in conformit\u00e0 con il \u00a7 7 Para. 1 TMG \u00e8 responsabile dei propri contenuti su queste pagine in conformit\u00e0 alle leggi generali. Ai sensi dei \u00a7\u00a7 8-10 TMG, tuttavia, non siamo obbligati, in qualit\u00e0 di fornitore di servizi, a monitorare le informazioni trasmesse o memorizzate da terzi o a indagare su circostanze che indicano un&#8217;attivit\u00e0 illegale. L&#8217;obbligo di rimuovere o bloccare l&#8217;uso delle informazioni in conformit\u00e0 alle leggi generali rimane inalterato. Tuttavia, la responsabilit\u00e0 in questo senso \u00e8 possibile solo a partire dal momento in cui si viene a conoscenza di una violazione concreta. Se veniamo a conoscenza di tali violazioni, rimuoveremo immediatamente i contenuti.<\/p><p><strong>Responsabilit\u00e0 per i link<\/strong><\/p><p>La nostra offerta contiene link a siti web esterni di terzi, sui cui contenuti non abbiamo alcuna influenza. Pertanto, non possiamo assumerci alcuna responsabilit\u00e0 per questi contenuti esterni. Il rispettivo fornitore o gestore delle pagine \u00e8 sempre responsabile del contenuto delle pagine collegate. Le pagine collegate sono state controllate per verificare eventuali violazioni legali al momento del collegamento. I contenuti illegali non erano riconoscibili al momento del collegamento. Tuttavia, un controllo permanente dei contenuti delle pagine collegate non \u00e8 ragionevole senza indicazioni concrete di una violazione della legge. Se veniamo a conoscenza di eventuali violazioni della legge, rimuoveremo immediatamente tali link.<\/p><p><strong>Copyright<\/strong><\/p><p>I contenuti e le opere create dagli operatori del sito su queste pagine sono soggetti alla legge austriaca sul copyright. La riproduzione, la modifica, la distribuzione e qualsiasi tipo di utilizzo al di fuori dei limiti della legge sul copyright richiedono il consenso scritto del rispettivo autore o creatore. Sono consentiti download e copie di questa pagina solo per uso privato e non commerciale. Nella misura in cui i contenuti di questa pagina non sono stati creati dal gestore, si rispettano i diritti d&#8217;autore di terzi. In particolare, i contenuti di terzi sono identificati come tali. Se tuttavia doveste venire a conoscenza di una violazione del copyright, vi preghiamo di informarci di conseguenza. Se veniamo a conoscenza di eventuali violazioni, rimuoveremo immediatamente tali contenuti.<\/p><p><strong>Protezione dei dati<\/strong><\/p><p>L&#8217;utilizzo del nostro sito web \u00e8 generalmente possibile senza fornire dati personali. Se sulle nostre pagine vengono raccolti dati personali (ad esempio nome, indirizzo o indirizzi e-mail), ci\u00f2 avviene sempre, per quanto possibile, su base volontaria. Questi dati non saranno trasmessi a terzi senza il vostro esplicito consenso.  <br>Desideriamo sottolineare che la trasmissione di dati su Internet (ad esempio la comunicazione via e-mail) pu\u00f2 presentare lacune di sicurezza. Non \u00e8 possibile proteggere completamente i dati dall&#8217;accesso di terzi.  <br>\u00c8 espressamente vietato l&#8217;utilizzo dei dati di contatto pubblicati nell&#8217;ambito dell&#8217;obbligo di imprinting da parte di terzi per l&#8217;invio di materiale pubblicitario e informativo non espressamente richiesto. I gestori delle pagine si riservano espressamente il diritto di intraprendere azioni legali in caso di invio non richiesto di informazioni pubblicitarie, ad esempio tramite mail di spam.<\/p><p><strong>Google Analytics<\/strong><\/p><p>Questo sito web utilizza Google Analytics, un servizio di analisi web fornito da Google, Inc. (&#8220;Google&#8221;). Google Analytics utilizza dei &#8220;cookies&#8221;, ovvero dei file di testo che vengono depositati sul tuo computer per consentire al sito web di analizzare come gli utenti utilizzano il sito.  Le informazioni generate dal cookie sull&#8217;utilizzo del sito web da parte dell&#8217;utente (compreso il suo indirizzo IP) verranno trasmesse e memorizzate da Google su un server negli Stati Uniti. Google utilizzer\u00e0 queste informazioni per valutare l&#8217;utilizzo del sito web da parte dell&#8217;utente, per redigere rapporti sulle attivit\u00e0 del sito web per gli operatori del sito e per fornire altri servizi relativi alle attivit\u00e0 del sito web e all&#8217;utilizzo di Internet. Google pu\u00f2 anche trasferire queste informazioni a terzi, se ci\u00f2 \u00e8 richiesto dalla legge o se tali terzi elaborano le informazioni per conto di Google. Google non assocer\u00e0 il vostro indirizzo IP a nessun altro dato posseduto da Google. L&#8217;utente pu\u00f2 rifiutare l&#8217;uso dei cookie selezionando l&#8217;impostazione appropriata sul proprio browser, ma si prega di notare che in tal caso potrebbe non essere in grado di utilizzare tutte le funzionalit\u00e0 di questo sito web. Utilizzando il presente sito web, acconsentite al trattamento dei vostri dati da parte di Google per le modalit\u00e0 e i fini sopraindicati.<\/p><p><strong>Foto<\/strong><\/p><p>Thurntaler Rast<\/p><\/div><\/div><\/div><\/div><\/div><\/div><\/section>\t\t\t\t\t\t\t\t<\/div>\n\t\t\t\t<\/div>\n\t\t\t\t\t<\/div>\n\t\t\t\t<\/div>\n\t\t\t\t<\/div>\n\t\t","protected":false},"excerpt":{"rendered":"<p>Impronta Responsabile del contenuto Nome dell&#8217;azienda:Hermann Ortner e.U. Indirizzo: 9931 Au\u00dfervillgraten 250 Dettagli di contatto: Hermann Ortner e.U.9931 Au\u00dfervillgraten 250info@thurntaler-rast.at Persona di contatto \/ Rappresentato da: Alexander Ortner9931 Au\u00dfervillgraten 250info@thurntaler-rast.at Numero di registro della societ\u00e0: FN 354469 d Membro di:WKO Tirol Codice fiscale: ATU60122879 Autorit\u00e0 di vigilanza \/ autorit\u00e0 commerciale: BH Lienz Oggetto sociale: Catering [&hellip;]<\/p>\n","protected":false},"author":1,"featured_media":0,"parent":0,"menu_order":0,"comment_status":"closed","ping_status":"closed","template":"elementor_header_footer","meta":{"om_disable_all_campaigns":false,"footnotes":""},"class_list":["post-1332","page","type-page","status-publish","hentry","entry"],"aioseo_notices":[],"_links":{"self":[{"href":"https:\/\/thurntaler-rast.at\/it\/wp-json\/wp\/v2\/pages\/1332","targetHints":{"allow":["GET"]}}],"collection":[{"href":"https:\/\/thurntaler-rast.at\/it\/wp-json\/wp\/v2\/pages"}],"about":[{"href":"https:\/\/thurntaler-rast.at\/it\/wp-json\/wp\/v2\/types\/page"}],"author":[{"embeddable":true,"href":"https:\/\/thurntaler-rast.at\/it\/wp-json\/wp\/v2\/users\/1"}],"replies":[{"embeddable":true,"href":"https:\/\/thurntaler-rast.at\/it\/wp-json\/wp\/v2\/comments?post=1332"}],"version-history":[{"count":7,"href":"https:\/\/thurntaler-rast.at\/it\/wp-json\/wp\/v2\/pages\/1332\/revisions"}],"predecessor-version":[{"id":2157,"href":"https:\/\/thurntaler-rast.at\/it\/wp-json\/wp\/v2\/pages\/1332\/revisions\/2157"}],"wp:attachment":[{"href":"https:\/\/thurntaler-rast.at\/it\/wp-json\/wp\/v2\/media?parent=1332"}],"curies":[{"name":"wp","href":"https:\/\/api.w.org\/{rel}","templated":true}]}}