{"id":1302,"date":"2023-07-25T08:47:45","date_gmt":"2023-07-25T06:47:45","guid":{"rendered":"https:\/\/thurntaler-rast.at\/informativa-sulla-privacy\/"},"modified":"2025-06-27T07:38:32","modified_gmt":"2025-06-27T05:38:32","slug":"informativa-sulla-privacy","status":"publish","type":"page","link":"https:\/\/thurntaler-rast.at\/it\/informativa-sulla-privacy\/","title":{"rendered":"Informativa sulla privacy"},"content":{"rendered":"\t\t<div data-elementor-type=\"wp-page\" data-elementor-id=\"1302\" class=\"elementor elementor-1302 elementor-3\" data-elementor-post-type=\"page\">\n\t\t\t\t\t\t<section class=\"elementor-section elementor-top-section elementor-element elementor-element-3ca8d61c elementor-section-boxed elementor-section-height-default elementor-section-height-default\" data-id=\"3ca8d61c\" data-element_type=\"section\" data-e-type=\"section\">\n\t\t\t\t\t\t<div class=\"elementor-container elementor-column-gap-default\">\n\t\t\t\t\t<div class=\"elementor-column elementor-col-100 elementor-top-column elementor-element elementor-element-3f20009c\" data-id=\"3f20009c\" data-element_type=\"column\" data-e-type=\"column\">\n\t\t\t<div class=\"elementor-widget-wrap elementor-element-populated\">\n\t\t\t\t\t\t<div class=\"elementor-element elementor-element-2e3e77a7 elementor-widget elementor-widget-text-editor\" data-id=\"2e3e77a7\" data-element_type=\"widget\" data-e-type=\"widget\" data-widget_type=\"text-editor.default\">\n\t\t\t\t<div class=\"elementor-widget-container\">\n\t\t\t\t\t\t\t\t\t<section class=\"elementor-section elementor-top-section elementor-element elementor-element-c8364ac elementor-section-boxed elementor-section-height-default elementor-section-height-default\" data-id=\"c8364ac\" data-element_type=\"section\"><div class=\"elementor-container elementor-column-gap-default\"><div class=\"elementor-column elementor-col-100 elementor-top-column elementor-element elementor-element-e75b79d\" data-id=\"e75b79d\" data-element_type=\"column\"><div class=\"elementor-widget-wrap elementor-element-populated\"><div class=\"elementor-element elementor-element-2bfb163 elementor-widget elementor-widget-thim-heading\" data-id=\"2bfb163\" data-element_type=\"widget\" data-widget_type=\"thim-heading.default\"><div class=\"elementor-widget-container\"><div class=\"thim-widget-heading template-default\"><div class=\"thim-sc-heading\"><div class=\"article_heading \"><div id=\"sppb-addon-wrapper-1577638157491\" class=\"sppb-addon-wrapper\"><div id=\"sppb-addon-1577638157491\" class=\"clearfix \"><div class=\"sppb-addon sppb-addon-animated-heading sppb-text-left\"><h1 class=\"sppb-addon-title animated-heading-text zoom\"><span class=\"animated-text-words-wrapper\"><span class=\"animated-text is-visible\">Informativa sulla privacy<\/span><\/span><\/h1><\/div><\/div><\/div><div id=\"sppb-addon-wrapper-1577627542698\" class=\"sppb-addon-wrapper\"><div id=\"sppb-addon-1577627542698\" class=\"clearfix \"><div class=\"sppb-addon sppb-addon-text-block sppb-text-left \"><div class=\"sppb-addon-content\"><p><strong>Responsabile della protezione dei dati<\/strong>: non \u00e8 necessario un responsabile della protezione dei dati<\/p><p>La protezione dei vostri dati personali ci sta particolarmente a cuore. Pertanto, trattiamo i vostri dati esclusivamente sulla base delle disposizioni di legge (DSGVO, TKG 2003). In questa informativa sulla protezione dei dati, vi informiamo sugli aspetti pi\u00f9 importanti del trattamento dei dati nell&#8217;ambito del nostro sito web.<\/p><p><strong> <\/strong><\/p><p><strong>Contattateci<\/strong><\/p><p><strong>Modulo di contatto:<\/strong> Trattamento dei dati per l&#8217;elaborazione delle richieste di informazioni (Art. 6 comma 1 lit. b GDPR).<\/p><p>Se ci contattate tramite il modulo sul sito web o via e-mail, i dati da voi forniti saranno da noi conservati per sei mesi allo scopo di elaborare la richiesta e in caso di domande successive. Non trasmettiamo questi dati senza il vostro consenso.<\/p><p><strong> <\/strong><\/p><p><strong>I vostri diritti<\/strong><\/p><p>In generale, vi spettano i diritti di informazione, correzione, cancellazione, limitazione, portabilit\u00e0 dei dati, revoca e opposizione.<\/p><p>Per esercitare questi diritti, puoi contattarci in qualsiasi momento. Ti chiediamo di effettuare la richiesta per iscritto per confermare la tua identit\u00e0. La richiesta pu\u00f2 essere inoltrata tramite lettera raccomandata ai recapiti indicati di seguito.  <\/p><p>Se ritieni che il trattamento dei tuoi dati personali violi le leggi sulla protezione dei dati o che i tuoi diritti di protezione dei dati siano stati violati in qualsiasi altro modo, puoi presentare un reclamo all&#8217;autorit\u00e0 di protezione dei dati. In Austria si tratta dell&#8217;Autorit\u00e0 austriaca per la protezione dei dati: <\/p><p>Barichgasse 40-42, 1030 Vienna<br>Tel.: +43 1 52 152-0<br>E-mail: <a href=\"mailto:dsb@dsb.gv.at\">dsb@dsb.gv.at<\/a><br>Web: <a href=\"https:\/\/www.dsb.gv.at\">https:\/\/www.dsb.gv.at<\/a><\/p><p><strong> <\/strong><\/p><p><strong>Gestione dei cookie<\/strong><\/p><p>Utilizziamo lo strumento di consenso &#8220;Real Cookie Banner&#8221; per gestire i cookie e le tecnologie simili utilizzate (pixel di tracciamento, web beacon, ecc.) e i relativi consensi. I dettagli sul funzionamento di &#8220;Real Cookie Banner&#8221; sono disponibili all&#8217;indirizzo &lt;a href=&#8221;https:\/\/devowl.io\/de\/rcb\/datenverarbeitung\/&#8221; rel=&#8221;noreferrer&#8221; target=&#8221;_blank&#8221;&gt;https:\/\/devowl.io\/de\/rcb\/datenverarbeitung\/&lt;\/a&gt;. <\/p><p>Le basi giuridiche per il trattamento dei dati personali in questo contesto sono l&#8217;art. 6 par. 1 lit. c DS-GVO e l&#8217;art. 6 cpv. 1 lit. f GDPR. Il nostro interesse legittimo \u00e8 quello di gestire i cookie e le tecnologie simili utilizzate e i consensi in relazione ad essi.<\/p><p>Il conferimento dei dati personali non \u00e8 n\u00e9 contrattualmente richiesto n\u00e9 necessario per la conclusione di un contratto. L&#8217;utente non \u00e8 obbligato a fornire i dati personali. Se non fornite i dati personali, non saremo in grado di gestire i vostri consensi.<\/p><p> <\/p><p><strong>Google Maps<\/strong><\/p><p>Il nostro sito web utilizza Google Maps per visualizzare mappe interattive e fornire indicazioni stradali. Google Maps \u00e8 un servizio fornito da Google LLC (1600 Amphitheatre Parkway, Mountain View, CA 94043, USA). Utilizzando Google Maps, le informazioni sull&#8217;utilizzo del sito web da parte dell&#8217;utente, compreso l&#8217;indirizzo IP e i dati dell&#8217;indirizzo inserito (se si inserisce un indirizzo nel campo di Google Maps), vengono trasmesse a Google negli Stati Uniti e memorizzate.  <\/p><p>L&#8217;utilizzo di Google Maps \u00e8 finalizzato a una presentazione accattivante delle nostre offerte online e a facilitare la ricerca dei luoghi da noi indicati sul sito web. Ci\u00f2 costituisce un interesse legittimo in conformit\u00e0 con   <strong>Art. 6 par. 1 lit. f GDPR<\/strong>  rappresentare.<\/p><p>Google pu\u00f2 trasferire queste informazioni a terzi qualora ci\u00f2 sia richiesto dalla legge o qualora tali terzi trattino le informazioni per conto di Google. Una descrizione dettagliata del trattamento dei dati da parte di Google \u00e8 disponibile nell&#8217;<strong>informativa sulla privacy di Google:<\/strong> https:\/\/policies.google.com\/privacy?hl=de. <\/p><p>Se desideri impedire il trasferimento dei dati a Google, puoi impedire l&#8217;utilizzo di Google Maps disattivando la funzione JavaScript nel tuo browser. Tuttavia, desideriamo sottolineare che in questo caso la visualizzazione della mappa non pu\u00f2 essere visualizzata o pu\u00f2 essere visualizzata solo in modo limitato. <\/p><p> <\/p><p><strong>Processo decisionale automatizzato e profilazione<\/strong><\/p><p>Su questo sito web non viene utilizzato alcun processo decisionale automatizzato, compresa la profilazione.<\/p><p> <\/p><p> <\/p><p><strong>Potete contattarci ai seguenti recapiti<\/strong>:<\/p><p>Hermann Ortner<br>Nr 10 a | 9931 Au\u00dfervillgraten<br>+43 4843 5243<br>info@thurntaler-rast.at<\/p><\/div><\/div><\/div><\/div><\/div><\/div><\/div><\/div><\/div><\/div><\/div><\/div><\/section>\t\t\t\t\t\t\t\t<\/div>\n\t\t\t\t<\/div>\n\t\t\t\t\t<\/div>\n\t\t<\/div>\n\t\t\t\t\t<\/div>\n\t\t<\/section>\n\t\t\t\t<\/div>\n\t\t","protected":false},"excerpt":{"rendered":"<p>Informativa sulla privacy Responsabile della protezione dei dati: non \u00e8 necessario un responsabile della protezione dei dati La protezione dei vostri dati personali ci sta particolarmente a cuore. Pertanto, trattiamo i vostri dati esclusivamente sulla base delle disposizioni di legge (DSGVO, TKG 2003). In questa informativa sulla protezione dei dati, vi informiamo sugli aspetti pi\u00f9 [&hellip;]<\/p>\n","protected":false},"author":1,"featured_media":0,"parent":0,"menu_order":0,"comment_status":"closed","ping_status":"open","template":"elementor_header_footer","meta":{"om_disable_all_campaigns":false,"footnotes":""},"class_list":["post-1302","page","type-page","status-publish","hentry","entry"],"aioseo_notices":[],"_links":{"self":[{"href":"https:\/\/thurntaler-rast.at\/it\/wp-json\/wp\/v2\/pages\/1302","targetHints":{"allow":["GET"]}}],"collection":[{"href":"https:\/\/thurntaler-rast.at\/it\/wp-json\/wp\/v2\/pages"}],"about":[{"href":"https:\/\/thurntaler-rast.at\/it\/wp-json\/wp\/v2\/types\/page"}],"author":[{"embeddable":true,"href":"https:\/\/thurntaler-rast.at\/it\/wp-json\/wp\/v2\/users\/1"}],"replies":[{"embeddable":true,"href":"https:\/\/thurntaler-rast.at\/it\/wp-json\/wp\/v2\/comments?post=1302"}],"version-history":[{"count":4,"href":"https:\/\/thurntaler-rast.at\/it\/wp-json\/wp\/v2\/pages\/1302\/revisions"}],"predecessor-version":[{"id":2165,"href":"https:\/\/thurntaler-rast.at\/it\/wp-json\/wp\/v2\/pages\/1302\/revisions\/2165"}],"wp:attachment":[{"href":"https:\/\/thurntaler-rast.at\/it\/wp-json\/wp\/v2\/media?parent=1302"}],"curies":[{"name":"wp","href":"https:\/\/api.w.org\/{rel}","templated":true}]}}